{"id":168,"date":"2020-11-29T21:47:22","date_gmt":"2020-11-30T04:47:22","guid":{"rendered":"https:\/\/madrobotbrews.com\/?page_id=168"},"modified":"2021-01-20T20:44:27","modified_gmt":"2021-01-21T03:44:27","slug":"recursos","status":"publish","type":"page","link":"https:\/\/madrobotbrews.com\/index.php\/recursos\/","title":{"rendered":"Recursos"},"content":{"rendered":"\t\t<div data-elementor-type=\"wp-page\" data-elementor-id=\"168\" class=\"elementor elementor-168\">\n\t\t\t\t\t\t<section class=\"elementor-section elementor-top-section elementor-element elementor-element-048fb66 elementor-section-boxed elementor-section-height-default elementor-section-height-default\" data-id=\"048fb66\" data-element_type=\"section\" data-e-type=\"section\">\n\t\t\t\t\t\t<div class=\"elementor-container elementor-column-gap-default\">\n\t\t\t\t\t<div class=\"elementor-column elementor-col-50 elementor-top-column elementor-element elementor-element-591d1d5\" data-id=\"591d1d5\" data-element_type=\"column\" data-e-type=\"column\">\n\t\t\t<div class=\"elementor-widget-wrap elementor-element-populated\">\n\t\t\t\t\t\t<div class=\"elementor-element elementor-element-5a193de elementor-widget elementor-widget-text-editor\" data-id=\"5a193de\" data-element_type=\"widget\" data-e-type=\"widget\" data-widget_type=\"text-editor.default\">\n\t\t\t\t<div class=\"elementor-widget-container\">\n\t\t\t\t\t\t\t\t\t<h3>BREW LOG<\/h3>\n<p>Hojas dise\u00f1adas para tomar apuntes durante el proceso de elaboraci\u00f3n de cerveza.<\/p>\n\n<p>Descarga la versi\u00f3n m\u00e1s reciente lista para imprimir (tama\u00f1o carta).<\/p>\n\n<p><a href=\"https:\/\/madrobotbrews.com\/wp-content\/uploads\/2020\/11\/BREWLOG_9_gen.pdf\" download=\"\">BREWLOG 9 Gen<\/a> &#8211; Versi\u00f3n con unidades abiertas.<\/p>\n\n<p><a href=\"https:\/\/madrobotbrews.com\/wp-content\/uploads\/2020\/11\/BREWLOG_9.pdf\" download=\"\">BREWLOG 9<\/a> &#8211; Versi\u00f3n que usamos en la cervecer\u00eda.<\/p>\t\t\t\t\t\t\t\t<\/div>\n\t\t\t\t<\/div>\n\t\t\t\t\t<\/div>\n\t\t<\/div>\n\t\t\t\t<div class=\"elementor-column elementor-col-50 elementor-top-column elementor-element elementor-element-f10c3fd\" data-id=\"f10c3fd\" data-element_type=\"column\" data-e-type=\"column\">\n\t\t\t<div class=\"elementor-widget-wrap elementor-element-populated\">\n\t\t\t\t\t\t<div class=\"elementor-element elementor-element-cf71a99 elementor-widget elementor-widget-image\" data-id=\"cf71a99\" data-element_type=\"widget\" data-e-type=\"widget\" data-widget_type=\"image.default\">\n\t\t\t\t<div class=\"elementor-widget-container\">\n\t\t\t\t\t\t\t\t\t\t\t\t\t\t\t<img fetchpriority=\"high\" decoding=\"async\" width=\"209\" height=\"269\" src=\"https:\/\/madrobotbrews.com\/wp-content\/uploads\/2020\/11\/BREWLOG_9_thumbnail.jpg\" class=\"attachment-large size-large wp-image-177\" alt=\"\" \/>\t\t\t\t\t\t\t\t\t\t\t\t\t\t\t<\/div>\n\t\t\t\t<\/div>\n\t\t\t\t\t<\/div>\n\t\t<\/div>\n\t\t\t\t\t<\/div>\n\t\t<\/section>\n\t\t\t\t<section class=\"elementor-section elementor-top-section elementor-element elementor-element-1034a91 elementor-section-boxed elementor-section-height-default elementor-section-height-default\" data-id=\"1034a91\" data-element_type=\"section\" data-e-type=\"section\">\n\t\t\t\t\t\t<div class=\"elementor-container elementor-column-gap-default\">\n\t\t\t\t\t<div class=\"elementor-column elementor-col-66 elementor-top-column elementor-element elementor-element-4e6977c\" data-id=\"4e6977c\" data-element_type=\"column\" data-e-type=\"column\">\n\t\t\t<div class=\"elementor-widget-wrap elementor-element-populated\">\n\t\t\t\t\t\t<div class=\"elementor-element elementor-element-bc2e271 elementor-widget elementor-widget-text-editor\" data-id=\"bc2e271\" data-element_type=\"widget\" data-e-type=\"widget\" data-widget_type=\"text-editor.default\">\n\t\t\t\t<div class=\"elementor-widget-container\">\n\t\t\t\t\t\t\t\t\t<h3>CELLAR LOG<\/h3>\n<p>Hojas dise\u00f1adas para llevar anotaciones durante la fermentaci\u00f3n, maduraci\u00f3n y empacado de la cerveza. As\u00ed como la levadura que se uso y sus caracter\u00edsticas.<\/p>\n\n<p>Descarga la versi\u00f3n m\u00e1s reciente lista para imprimir (tama\u00f1o carta).<\/p>\n\n<p><a href=\"https:\/\/madrobotbrews.com\/wp-content\/uploads\/2020\/11\/CELLAR_LOG_9_gen.pdf\" download=\"\">CELLAR LOG 9 Gen<\/a> &#8211; Versi\u00f3n con unidades abiertas.<\/p>\n\n<p><a href=\"https:\/\/madrobotbrews.com\/wp-content\/uploads\/2020\/11\/CELLARLOG_9.pdf\" download=\"\">CELLAR LOG 9<\/a> &#8211; Versi\u00f3n que usamos en la cervecer\u00eda.<\/p>\t\t\t\t\t\t\t\t<\/div>\n\t\t\t\t<\/div>\n\t\t\t\t\t<\/div>\n\t\t<\/div>\n\t\t\t\t<div class=\"elementor-column elementor-col-33 elementor-top-column elementor-element elementor-element-7e99824\" data-id=\"7e99824\" data-element_type=\"column\" data-e-type=\"column\">\n\t\t\t<div class=\"elementor-widget-wrap elementor-element-populated\">\n\t\t\t\t\t\t<div class=\"elementor-element elementor-element-61ec6db elementor-widget elementor-widget-image\" data-id=\"61ec6db\" data-element_type=\"widget\" data-e-type=\"widget\" data-widget_type=\"image.default\">\n\t\t\t\t<div class=\"elementor-widget-container\">\n\t\t\t\t\t\t\t\t\t\t\t\t\t\t\t<img decoding=\"async\" width=\"209\" height=\"269\" src=\"https:\/\/madrobotbrews.com\/wp-content\/uploads\/2020\/11\/CELLARLOG_9_thumbnail.jpg\" class=\"attachment-large size-large wp-image-178\" alt=\"\" \/>\t\t\t\t\t\t\t\t\t\t\t\t\t\t\t<\/div>\n\t\t\t\t<\/div>\n\t\t\t\t\t<\/div>\n\t\t<\/div>\n\t\t\t\t\t<\/div>\n\t\t<\/section>\n\t\t\t\t<section class=\"elementor-section elementor-top-section elementor-element elementor-element-235158b elementor-section-boxed elementor-section-height-default elementor-section-height-default\" data-id=\"235158b\" data-element_type=\"section\" data-e-type=\"section\">\n\t\t\t\t\t\t<div class=\"elementor-container elementor-column-gap-default\">\n\t\t\t\t\t<div class=\"elementor-column elementor-col-66 elementor-top-column elementor-element elementor-element-ec1935a\" data-id=\"ec1935a\" data-element_type=\"column\" data-e-type=\"column\">\n\t\t\t<div class=\"elementor-widget-wrap elementor-element-populated\">\n\t\t\t\t\t\t<div class=\"elementor-element elementor-element-6513b75 elementor-widget elementor-widget-text-editor\" data-id=\"6513b75\" data-element_type=\"widget\" data-e-type=\"widget\" data-widget_type=\"text-editor.default\">\n\t\t\t\t<div class=\"elementor-widget-container\">\n\t\t\t\t\t\t\t\t\t<h3>TABLA DE CARBONATACI\u00d3N<\/h3><h4>Carbonation Chart<\/h4><p>Tabla que muestra los niveles \u00f3ptimos de carbonataci\u00f3n y su relaci\u00f3n con presi\u00f3n en PSI y temperatura en \u00b0C y \u00b0F.<\/p><p><a href=\"https:\/\/madrobotbrews.com\/wp-content\/uploads\/2021\/01\/Carbonation-Chart.pdf\" download=\"\">VERSI\u00d3N PDF<\/a> &#8211; Versi\u00f3n en formato de documento PDF.<\/p><p><a href=\"https:\/\/madrobotbrews.com\/wp-content\/uploads\/2021\/01\/Carbonation_Chart.jpg\" download=\"\">VERSI\u00d3N IMAGEN<\/a> &#8211; Versi\u00f3n en formato jpeg.<\/p>\t\t\t\t\t\t\t\t<\/div>\n\t\t\t\t<\/div>\n\t\t\t\t\t<\/div>\n\t\t<\/div>\n\t\t\t\t<div class=\"elementor-column elementor-col-33 elementor-top-column elementor-element elementor-element-f82ccce\" data-id=\"f82ccce\" data-element_type=\"column\" data-e-type=\"column\">\n\t\t\t<div class=\"elementor-widget-wrap elementor-element-populated\">\n\t\t\t\t\t\t<div class=\"elementor-element elementor-element-9b11de0 elementor-widget elementor-widget-image\" data-id=\"9b11de0\" data-element_type=\"widget\" data-e-type=\"widget\" data-widget_type=\"image.default\">\n\t\t\t\t<div class=\"elementor-widget-container\">\n\t\t\t\t\t\t\t\t\t\t\t\t\t\t\t<img decoding=\"async\" width=\"400\" height=\"240\" src=\"https:\/\/madrobotbrews.com\/wp-content\/uploads\/2021\/01\/Thumb_Carbonation_Chart.jpg\" class=\"attachment-large size-large wp-image-274\" alt=\"\" srcset=\"https:\/\/madrobotbrews.com\/wp-content\/uploads\/2021\/01\/Thumb_Carbonation_Chart.jpg 400w, https:\/\/madrobotbrews.com\/wp-content\/uploads\/2021\/01\/Thumb_Carbonation_Chart-300x180.jpg 300w\" sizes=\"(max-width: 400px) 100vw, 400px\" \/>\t\t\t\t\t\t\t\t\t\t\t\t\t\t\t<\/div>\n\t\t\t\t<\/div>\n\t\t\t\t\t<\/div>\n\t\t<\/div>\n\t\t\t\t\t<\/div>\n\t\t<\/section>\n\t\t\t\t<\/div>\n\t\t","protected":false},"excerpt":{"rendered":"<p>BREW LOG Hojas dise\u00f1adas para tomar apuntes durante el proceso de elaboraci\u00f3n de cerveza. Descarga la versi\u00f3n m\u00e1s reciente lista para imprimir (tama\u00f1o carta). BREWLOG 9 Gen &#8211; Versi\u00f3n con unidades abiertas. BREWLOG 9 &#8211; Versi\u00f3n que usamos en la &hellip;<\/p>\n<p class=\"read-more\"> <a class=\"more-link\" href=\"https:\/\/madrobotbrews.com\/index.php\/recursos\/\"> <span class=\"screen-reader-text\">Recursos<\/span> Leer m\u00e1s \u00bb<\/a><\/p>\n","protected":false},"author":1,"featured_media":0,"parent":0,"menu_order":0,"comment_status":"closed","ping_status":"closed","template":"","meta":{"footnotes":""},"class_list":["post-168","page","type-page","status-publish","hentry"],"_links":{"self":[{"href":"https:\/\/madrobotbrews.com\/index.php\/wp-json\/wp\/v2\/pages\/168","targetHints":{"allow":["GET"]}}],"collection":[{"href":"https:\/\/madrobotbrews.com\/index.php\/wp-json\/wp\/v2\/pages"}],"about":[{"href":"https:\/\/madrobotbrews.com\/index.php\/wp-json\/wp\/v2\/types\/page"}],"author":[{"embeddable":true,"href":"https:\/\/madrobotbrews.com\/index.php\/wp-json\/wp\/v2\/users\/1"}],"replies":[{"embeddable":true,"href":"https:\/\/madrobotbrews.com\/index.php\/wp-json\/wp\/v2\/comments?post=168"}],"version-history":[{"count":0,"href":"https:\/\/madrobotbrews.com\/index.php\/wp-json\/wp\/v2\/pages\/168\/revisions"}],"wp:attachment":[{"href":"https:\/\/madrobotbrews.com\/index.php\/wp-json\/wp\/v2\/media?parent=168"}],"curies":[{"name":"wp","href":"https:\/\/api.w.org\/{rel}","templated":true}]}}